{"id":943,"date":"2024-03-11T09:24:36","date_gmt":"2024-03-11T12:24:36","guid":{"rendered":"https:\/\/dbcbebidacia.com.br\/site\/?page_id=943"},"modified":"2024-03-11T09:31:18","modified_gmt":"2024-03-11T12:31:18","slug":"servicos","status":"publish","type":"page","link":"https:\/\/dbcbebidacia.com.br\/site\/index.php\/servicos\/","title":{"rendered":"Servi\u00e7os"},"content":{"rendered":"\t\t<div data-elementor-type=\"wp-page\" data-elementor-id=\"943\" class=\"elementor elementor-943\">\n\t\t\t\t\t\t<section class=\"elementor-section elementor-top-section elementor-element elementor-element-04991bc elementor-section-boxed elementor-section-height-default elementor-section-height-default\" data-id=\"04991bc\" data-element_type=\"section\">\n\t\t\t\t\t\t<div class=\"elementor-container elementor-column-gap-default\">\n\t\t\t\t\t<div class=\"elementor-column elementor-col-100 elementor-top-column elementor-element elementor-element-2e5637a\" data-id=\"2e5637a\" data-element_type=\"column\">\n\t\t\t<div class=\"elementor-widget-wrap elementor-element-populated\">\n\t\t\t\t\t\t<section class=\"elementor-section elementor-inner-section elementor-element elementor-element-057362f elementor-section-boxed elementor-section-height-default elementor-section-height-default\" data-id=\"057362f\" data-element_type=\"section\">\n\t\t\t\t\t\t<div class=\"elementor-container elementor-column-gap-default\">\n\t\t\t\t\t<div class=\"elementor-column elementor-col-50 elementor-inner-column elementor-element elementor-element-cc7dfb3\" data-id=\"cc7dfb3\" data-element_type=\"column\">\n\t\t\t<div class=\"elementor-widget-wrap elementor-element-populated\">\n\t\t\t\t\t\t<div class=\"elementor-element elementor-element-a5ed13c elementor-widget elementor-widget-heading\" data-id=\"a5ed13c\" data-element_type=\"widget\" data-widget_type=\"heading.default\">\n\t\t\t\t<div class=\"elementor-widget-container\">\n\t\t\t\t\t<h2 class=\"elementor-heading-title elementor-size-default\">Loca\u00e7\u00e3o de Chopeiras<\/h2>\t\t\t\t<\/div>\n\t\t\t\t<\/div>\n\t\t\t\t\t<\/div>\n\t\t<\/div>\n\t\t\t\t<div class=\"elementor-column elementor-col-50 elementor-inner-column elementor-element elementor-element-50dcc1a\" data-id=\"50dcc1a\" data-element_type=\"column\">\n\t\t\t<div class=\"elementor-widget-wrap elementor-element-populated\">\n\t\t\t\t\t\t<div class=\"elementor-element elementor-element-39be1cc elementor-widget elementor-widget-heading\" data-id=\"39be1cc\" data-element_type=\"widget\" data-widget_type=\"heading.default\">\n\t\t\t\t<div class=\"elementor-widget-container\">\n\t\t\t\t\t<h2 class=\"elementor-heading-title elementor-size-default\">Distribui\u00e7\u00e3o de Bebidas<\/h2>\t\t\t\t<\/div>\n\t\t\t\t<\/div>\n\t\t\t\t\t<\/div>\n\t\t<\/div>\n\t\t\t\t\t<\/div>\n\t\t<\/section>\n\t\t\t\t<section class=\"elementor-section elementor-inner-section elementor-element elementor-element-ba080d3 elementor-section-boxed elementor-section-height-default elementor-section-height-default\" data-id=\"ba080d3\" data-element_type=\"section\">\n\t\t\t\t\t\t<div class=\"elementor-container elementor-column-gap-default\">\n\t\t\t\t\t<div class=\"elementor-column elementor-col-50 elementor-inner-column elementor-element elementor-element-f804904\" data-id=\"f804904\" data-element_type=\"column\">\n\t\t\t<div class=\"elementor-widget-wrap elementor-element-populated\">\n\t\t\t\t\t\t<div class=\"elementor-element elementor-element-b1f5704 elementor-widget elementor-widget-text-editor\" data-id=\"b1f5704\" data-element_type=\"widget\" data-widget_type=\"text-editor.default\">\n\t\t\t\t<div class=\"elementor-widget-container\">\n\t\t\t\t\t\t\t\t\t<p>Seu evento com a garantia de sucesso com a loca\u00e7\u00e3o de nossos equipamentos.<\/p>\t\t\t\t\t\t\t\t<\/div>\n\t\t\t\t<\/div>\n\t\t\t\t\t<\/div>\n\t\t<\/div>\n\t\t\t\t<div class=\"elementor-column elementor-col-50 elementor-inner-column elementor-element elementor-element-dc31096\" data-id=\"dc31096\" data-element_type=\"column\">\n\t\t\t<div class=\"elementor-widget-wrap elementor-element-populated\">\n\t\t\t\t\t\t<div class=\"elementor-element elementor-element-4eb6e70 elementor-widget elementor-widget-text-editor\" data-id=\"4eb6e70\" data-element_type=\"widget\" data-widget_type=\"text-editor.default\">\n\t\t\t\t<div class=\"elementor-widget-container\">\n\t\t\t\t\t\t\t\t\t<p>As melhores marcas a sua disposi\u00e7\u00e3o.<br \/>Refrigerantes, cervejas, chopeiras e bebidas em geral.<\/p>\t\t\t\t\t\t\t\t<\/div>\n\t\t\t\t<\/div>\n\t\t\t\t\t<\/div>\n\t\t<\/div>\n\t\t\t\t\t<\/div>\n\t\t<\/section>\n\t\t\t\t<section class=\"elementor-section elementor-inner-section elementor-element elementor-element-dc46b93 elementor-section-boxed elementor-section-height-default elementor-section-height-default\" data-id=\"dc46b93\" data-element_type=\"section\">\n\t\t\t\t\t\t<div class=\"elementor-container elementor-column-gap-default\">\n\t\t\t\t\t<div class=\"elementor-column elementor-col-50 elementor-inner-column elementor-element elementor-element-b4df4e4\" data-id=\"b4df4e4\" data-element_type=\"column\">\n\t\t\t<div class=\"elementor-widget-wrap elementor-element-populated\">\n\t\t\t\t\t\t<div class=\"elementor-element elementor-element-d36a9ba elementor-widget elementor-widget-image\" data-id=\"d36a9ba\" data-element_type=\"widget\" data-widget_type=\"image.default\">\n\t\t\t\t<div class=\"elementor-widget-container\">\n\t\t\t\t\t\t\t\t\t\t\t\t\t\t\t<img fetchpriority=\"high\" decoding=\"async\" width=\"640\" height=\"383\" src=\"https:\/\/dbcbebidacia.com.br\/site\/wp-content\/uploads\/2023\/11\/20231107_174147-scaled-e1699444880644-1024x612.jpg\" class=\"attachment-large size-large wp-image-860\" alt=\"\" srcset=\"https:\/\/dbcbebidacia.com.br\/site\/wp-content\/uploads\/2023\/11\/20231107_174147-scaled-e1699444880644-1024x612.jpg 1024w, https:\/\/dbcbebidacia.com.br\/site\/wp-content\/uploads\/2023\/11\/20231107_174147-scaled-e1699444880644-300x179.jpg 300w, https:\/\/dbcbebidacia.com.br\/site\/wp-content\/uploads\/2023\/11\/20231107_174147-scaled-e1699444880644-768x459.jpg 768w, https:\/\/dbcbebidacia.com.br\/site\/wp-content\/uploads\/2023\/11\/20231107_174147-scaled-e1699444880644-1536x918.jpg 1536w, https:\/\/dbcbebidacia.com.br\/site\/wp-content\/uploads\/2023\/11\/20231107_174147-scaled-e1699444880644-2048x1224.jpg 2048w\" sizes=\"(max-width: 640px) 100vw, 640px\" \/>\t\t\t\t\t\t\t\t\t\t\t\t\t\t\t<\/div>\n\t\t\t\t<\/div>\n\t\t\t\t<div class=\"elementor-element elementor-element-599ae2f elementor-widget elementor-widget-image\" data-id=\"599ae2f\" data-element_type=\"widget\" data-widget_type=\"image.default\">\n\t\t\t\t<div class=\"elementor-widget-container\">\n\t\t\t\t\t\t\t\t\t\t\t\t\t\t\t<img decoding=\"async\" width=\"640\" height=\"640\" src=\"https:\/\/dbcbebidacia.com.br\/site\/wp-content\/uploads\/2023\/11\/instagram-3-1024x1024.jpg\" class=\"attachment-large size-large wp-image-879\" alt=\"\" srcset=\"https:\/\/dbcbebidacia.com.br\/site\/wp-content\/uploads\/2023\/11\/instagram-3-1024x1024.jpg 1024w, https:\/\/dbcbebidacia.com.br\/site\/wp-content\/uploads\/2023\/11\/instagram-3-300x300.jpg 300w, https:\/\/dbcbebidacia.com.br\/site\/wp-content\/uploads\/2023\/11\/instagram-3-150x150.jpg 150w, https:\/\/dbcbebidacia.com.br\/site\/wp-content\/uploads\/2023\/11\/instagram-3-768x768.jpg 768w, https:\/\/dbcbebidacia.com.br\/site\/wp-content\/uploads\/2023\/11\/instagram-3.jpg 1080w\" sizes=\"(max-width: 640px) 100vw, 640px\" \/>\t\t\t\t\t\t\t\t\t\t\t\t\t\t\t<\/div>\n\t\t\t\t<\/div>\n\t\t\t\t\t<\/div>\n\t\t<\/div>\n\t\t\t\t<div class=\"elementor-column elementor-col-50 elementor-inner-column elementor-element elementor-element-28fb025\" data-id=\"28fb025\" data-element_type=\"column\">\n\t\t\t<div class=\"elementor-widget-wrap elementor-element-populated\">\n\t\t\t\t\t\t<div class=\"elementor-element elementor-element-07a01a2 elementor-widget elementor-widget-image\" data-id=\"07a01a2\" data-element_type=\"widget\" data-widget_type=\"image.default\">\n\t\t\t\t<div class=\"elementor-widget-container\">\n\t\t\t\t\t\t\t\t\t\t\t\t\t\t\t<img decoding=\"async\" width=\"640\" height=\"853\" src=\"https:\/\/dbcbebidacia.com.br\/site\/wp-content\/uploads\/2023\/11\/Imagem-do-WhatsApp-de-2023-08-18-as-10.41.34_c4f34423.jpg\" class=\"attachment-large size-large wp-image-921\" alt=\"\" srcset=\"https:\/\/dbcbebidacia.com.br\/site\/wp-content\/uploads\/2023\/11\/Imagem-do-WhatsApp-de-2023-08-18-as-10.41.34_c4f34423.jpg 768w, https:\/\/dbcbebidacia.com.br\/site\/wp-content\/uploads\/2023\/11\/Imagem-do-WhatsApp-de-2023-08-18-as-10.41.34_c4f34423-225x300.jpg 225w\" sizes=\"(max-width: 640px) 100vw, 640px\" \/>\t\t\t\t\t\t\t\t\t\t\t\t\t\t\t<\/div>\n\t\t\t\t<\/div>\n\t\t\t\t\t<\/div>\n\t\t<\/div>\n\t\t\t\t\t<\/div>\n\t\t<\/section>\n\t\t\t\t\t<\/div>\n\t\t<\/div>\n\t\t\t\t\t<\/div>\n\t\t<\/section>\n\t\t\t\t<\/div>\n\t\t","protected":false},"excerpt":{"rendered":"<p>Loca\u00e7\u00e3o de Chopeiras Distribui\u00e7\u00e3o de Bebidas Seu evento com a garantia de sucesso com a loca\u00e7\u00e3o de nossos equipamentos. As melhores marcas<\/p>\n<p class=\"link-more\"><a class=\"myButt \" href=\"https:\/\/dbcbebidacia.com.br\/site\/index.php\/servicos\/\">Leia mais<\/a><\/p>\n","protected":false},"author":1,"featured_media":0,"parent":0,"menu_order":0,"comment_status":"closed","ping_status":"closed","template":"","meta":{"footnotes":""},"class_list":["post-943","page","type-page","status-publish","hentry"],"_links":{"self":[{"href":"https:\/\/dbcbebidacia.com.br\/site\/index.php\/wp-json\/wp\/v2\/pages\/943","targetHints":{"allow":["GET"]}}],"collection":[{"href":"https:\/\/dbcbebidacia.com.br\/site\/index.php\/wp-json\/wp\/v2\/pages"}],"about":[{"href":"https:\/\/dbcbebidacia.com.br\/site\/index.php\/wp-json\/wp\/v2\/types\/page"}],"author":[{"embeddable":true,"href":"https:\/\/dbcbebidacia.com.br\/site\/index.php\/wp-json\/wp\/v2\/users\/1"}],"replies":[{"embeddable":true,"href":"https:\/\/dbcbebidacia.com.br\/site\/index.php\/wp-json\/wp\/v2\/comments?post=943"}],"version-history":[{"count":5,"href":"https:\/\/dbcbebidacia.com.br\/site\/index.php\/wp-json\/wp\/v2\/pages\/943\/revisions"}],"predecessor-version":[{"id":949,"href":"https:\/\/dbcbebidacia.com.br\/site\/index.php\/wp-json\/wp\/v2\/pages\/943\/revisions\/949"}],"wp:attachment":[{"href":"https:\/\/dbcbebidacia.com.br\/site\/index.php\/wp-json\/wp\/v2\/media?parent=943"}],"curies":[{"name":"wp","href":"https:\/\/api.w.org\/{rel}","templated":true}]}}