{"id":5,"date":"2021-10-29T08:15:42","date_gmt":"2021-10-29T08:15:42","guid":{"rendered":"https:\/\/demo.athemes.com\/sydney-main\/?page_id=5"},"modified":"2024-03-11T10:11:46","modified_gmt":"2024-03-11T13:11:46","slug":"my-front-page","status":"publish","type":"page","link":"https:\/\/dbcbebidacia.com.br\/site\/index.php\/my-front-page\/","title":{"rendered":"Home"},"content":{"rendered":"\t\t<div data-elementor-type=\"wp-page\" data-elementor-id=\"5\" class=\"elementor elementor-5\">\n\t\t\t\t\t\t<section class=\"elementor-section elementor-top-section elementor-element elementor-element-85696ad elementor-section-boxed elementor-section-height-default elementor-section-height-default\" data-id=\"85696ad\" data-element_type=\"section\">\n\t\t\t\t\t\t<div class=\"elementor-container elementor-column-gap-default\">\n\t\t\t\t\t<div class=\"elementor-column elementor-col-100 elementor-top-column elementor-element elementor-element-4b5d639\" data-id=\"4b5d639\" data-element_type=\"column\">\n\t\t\t<div class=\"elementor-widget-wrap elementor-element-populated\">\n\t\t\t\t\t\t<section class=\"elementor-section elementor-inner-section elementor-element elementor-element-ea0af94 elementor-section-boxed elementor-section-height-default elementor-section-height-default\" data-id=\"ea0af94\" data-element_type=\"section\">\n\t\t\t\t\t\t<div class=\"elementor-container elementor-column-gap-default\">\n\t\t\t\t\t<div class=\"elementor-column elementor-col-50 elementor-inner-column elementor-element elementor-element-c0dc9fc\" data-id=\"c0dc9fc\" data-element_type=\"column\">\n\t\t\t<div class=\"elementor-widget-wrap elementor-element-populated\">\n\t\t\t\t\t\t<div class=\"elementor-element elementor-element-44d23fd elementor-widget elementor-widget-text-editor\" data-id=\"44d23fd\" data-element_type=\"widget\" data-widget_type=\"text-editor.default\">\n\t\t\t\t<div class=\"elementor-widget-container\">\n\t\t\t\t\t\t\t\t\t<p>H\u00e1 mais de duas d\u00e9cadas, uma empresa se destaca no mercado de bebidas, fornecendo o melhor chopp e uma variedade de op\u00e7\u00f5es para festas e eventos especiais. Essa empresa \u00e9 a DBC Bebidas, e desde 1999, ela tem sido sin\u00f4nimo de tradi\u00e7\u00e3o, qualidade e satisfa\u00e7\u00e3o dos clientes.<\/p>\t\t\t\t\t\t\t\t<\/div>\n\t\t\t\t<\/div>\n\t\t\t\t\t<\/div>\n\t\t<\/div>\n\t\t\t\t<div class=\"elementor-column elementor-col-50 elementor-inner-column elementor-element elementor-element-cf716ea\" data-id=\"cf716ea\" data-element_type=\"column\">\n\t\t\t<div class=\"elementor-widget-wrap elementor-element-populated\">\n\t\t\t\t\t\t<div class=\"elementor-element elementor-element-2b5b393 elementor-widget elementor-widget-image\" data-id=\"2b5b393\" data-element_type=\"widget\" data-widget_type=\"image.default\">\n\t\t\t\t<div class=\"elementor-widget-container\">\n\t\t\t\t\t\t\t\t\t\t\t\t\t\t\t<img fetchpriority=\"high\" decoding=\"async\" width=\"640\" height=\"640\" src=\"https:\/\/dbcbebidacia.com.br\/site\/wp-content\/uploads\/2023\/11\/instagram-5-1-1024x1024.jpg\" class=\"attachment-large size-large wp-image-910\" alt=\"\" srcset=\"https:\/\/dbcbebidacia.com.br\/site\/wp-content\/uploads\/2023\/11\/instagram-5-1-1024x1024.jpg 1024w, https:\/\/dbcbebidacia.com.br\/site\/wp-content\/uploads\/2023\/11\/instagram-5-1-300x300.jpg 300w, https:\/\/dbcbebidacia.com.br\/site\/wp-content\/uploads\/2023\/11\/instagram-5-1-150x150.jpg 150w, https:\/\/dbcbebidacia.com.br\/site\/wp-content\/uploads\/2023\/11\/instagram-5-1-768x768.jpg 768w, https:\/\/dbcbebidacia.com.br\/site\/wp-content\/uploads\/2023\/11\/instagram-5-1.jpg 1080w\" sizes=\"(max-width: 640px) 100vw, 640px\" \/>\t\t\t\t\t\t\t\t\t\t\t\t\t\t\t<\/div>\n\t\t\t\t<\/div>\n\t\t\t\t\t<\/div>\n\t\t<\/div>\n\t\t\t\t\t<\/div>\n\t\t<\/section>\n\t\t\t\t<section class=\"elementor-section elementor-inner-section elementor-element elementor-element-5d87ec3 elementor-section-boxed elementor-section-height-default elementor-section-height-default\" data-id=\"5d87ec3\" data-element_type=\"section\">\n\t\t\t\t\t\t<div class=\"elementor-container elementor-column-gap-default\">\n\t\t\t\t\t<div class=\"elementor-column elementor-col-50 elementor-inner-column elementor-element elementor-element-61c2ba0\" data-id=\"61c2ba0\" data-element_type=\"column\">\n\t\t\t<div class=\"elementor-widget-wrap elementor-element-populated\">\n\t\t\t\t\t\t<div class=\"elementor-element elementor-element-d2c2de4 elementor-widget elementor-widget-image\" data-id=\"d2c2de4\" data-element_type=\"widget\" data-widget_type=\"image.default\">\n\t\t\t\t<div class=\"elementor-widget-container\">\n\t\t\t\t\t\t\t\t\t\t\t\t\t\t\t<img decoding=\"async\" width=\"640\" height=\"640\" src=\"https:\/\/dbcbebidacia.com.br\/site\/wp-content\/uploads\/2023\/11\/instagram-7-1024x1024.jpg\" class=\"attachment-large size-large wp-image-883\" alt=\"\" srcset=\"https:\/\/dbcbebidacia.com.br\/site\/wp-content\/uploads\/2023\/11\/instagram-7-1024x1024.jpg 1024w, https:\/\/dbcbebidacia.com.br\/site\/wp-content\/uploads\/2023\/11\/instagram-7-300x300.jpg 300w, https:\/\/dbcbebidacia.com.br\/site\/wp-content\/uploads\/2023\/11\/instagram-7-150x150.jpg 150w, https:\/\/dbcbebidacia.com.br\/site\/wp-content\/uploads\/2023\/11\/instagram-7-768x768.jpg 768w, https:\/\/dbcbebidacia.com.br\/site\/wp-content\/uploads\/2023\/11\/instagram-7.jpg 1080w\" sizes=\"(max-width: 640px) 100vw, 640px\" \/>\t\t\t\t\t\t\t\t\t\t\t\t\t\t\t<\/div>\n\t\t\t\t<\/div>\n\t\t\t\t\t<\/div>\n\t\t<\/div>\n\t\t\t\t<div class=\"elementor-column elementor-col-50 elementor-inner-column elementor-element elementor-element-1987ead\" data-id=\"1987ead\" data-element_type=\"column\">\n\t\t\t<div class=\"elementor-widget-wrap elementor-element-populated\">\n\t\t\t\t\t\t<div class=\"elementor-element elementor-element-19b51b7 elementor-widget elementor-widget-text-editor\" data-id=\"19b51b7\" data-element_type=\"widget\" data-widget_type=\"text-editor.default\">\n\t\t\t\t<div class=\"elementor-widget-container\">\n\t\t\t\t\t\t\t\t\t<p>Variedade de Produtos: Uma das principais raz\u00f5es para o sucesso duradouro da DBC Bebidas \u00e9 a ampla variedade de produtos oferecidos. A empresa n\u00e3o se limita apenas ao chopp, mas tamb\u00e9m fornece uma sele\u00e7\u00e3o diversificada de bebidas alco\u00f3licas e n\u00e3o alco\u00f3licas. Seja para um casamento elegante, uma festa de anivers\u00e1rio animada ou um evento corporativo, a DBC Bebidas tem o que voc\u00ea precisa.<\/p>\t\t\t\t\t\t\t\t<\/div>\n\t\t\t\t<\/div>\n\t\t\t\t\t<\/div>\n\t\t<\/div>\n\t\t\t\t\t<\/div>\n\t\t<\/section>\n\t\t\t\t<section class=\"elementor-section elementor-inner-section elementor-element elementor-element-498cb91 elementor-section-boxed elementor-section-height-default elementor-section-height-default\" data-id=\"498cb91\" data-element_type=\"section\">\n\t\t\t\t\t\t<div class=\"elementor-container elementor-column-gap-default\">\n\t\t\t\t\t<div class=\"elementor-column elementor-col-50 elementor-inner-column elementor-element elementor-element-c9a7ded\" data-id=\"c9a7ded\" data-element_type=\"column\">\n\t\t\t<div class=\"elementor-widget-wrap elementor-element-populated\">\n\t\t\t\t\t\t<div class=\"elementor-element elementor-element-a20da3f elementor-widget elementor-widget-text-editor\" data-id=\"a20da3f\" data-element_type=\"widget\" data-widget_type=\"text-editor.default\">\n\t\t\t\t<div class=\"elementor-widget-container\">\n\t\t\t\t\t\t\t\t\t<p>Chopp Fresco e Saboroso: O chopp \u00e9 uma das especialidades da DBC Bebidas, e eles se orgulham de servir o chopp mais fresco e saboroso da regi\u00e3o. Suas torneiras de chopp s\u00e3o mantidas sob rigoroso controle de qualidade para garantir que cada caneca seja uma experi\u00eancia incr\u00edvel.<\/p>\t\t\t\t\t\t\t\t<\/div>\n\t\t\t\t<\/div>\n\t\t\t\t\t<\/div>\n\t\t<\/div>\n\t\t\t\t<div class=\"elementor-column elementor-col-50 elementor-inner-column elementor-element elementor-element-28edd71\" data-id=\"28edd71\" data-element_type=\"column\">\n\t\t\t<div class=\"elementor-widget-wrap elementor-element-populated\">\n\t\t\t\t\t\t<div class=\"elementor-element elementor-element-0628c24 elementor-widget elementor-widget-image\" data-id=\"0628c24\" data-element_type=\"widget\" data-widget_type=\"image.default\">\n\t\t\t\t<div class=\"elementor-widget-container\">\n\t\t\t\t\t\t\t\t\t\t\t\t\t\t\t<img decoding=\"async\" width=\"640\" height=\"640\" src=\"https:\/\/dbcbebidacia.com.br\/site\/wp-content\/uploads\/2023\/11\/instagram-4-1024x1024.jpg\" class=\"attachment-large size-large wp-image-880\" alt=\"\" srcset=\"https:\/\/dbcbebidacia.com.br\/site\/wp-content\/uploads\/2023\/11\/instagram-4-1024x1024.jpg 1024w, https:\/\/dbcbebidacia.com.br\/site\/wp-content\/uploads\/2023\/11\/instagram-4-300x300.jpg 300w, https:\/\/dbcbebidacia.com.br\/site\/wp-content\/uploads\/2023\/11\/instagram-4-150x150.jpg 150w, https:\/\/dbcbebidacia.com.br\/site\/wp-content\/uploads\/2023\/11\/instagram-4-768x768.jpg 768w, https:\/\/dbcbebidacia.com.br\/site\/wp-content\/uploads\/2023\/11\/instagram-4.jpg 1080w\" sizes=\"(max-width: 640px) 100vw, 640px\" \/>\t\t\t\t\t\t\t\t\t\t\t\t\t\t\t<\/div>\n\t\t\t\t<\/div>\n\t\t\t\t\t<\/div>\n\t\t<\/div>\n\t\t\t\t\t<\/div>\n\t\t<\/section>\n\t\t\t\t<section class=\"elementor-section elementor-inner-section elementor-element elementor-element-1b67f68 elementor-section-boxed elementor-section-height-default elementor-section-height-default\" data-id=\"1b67f68\" data-element_type=\"section\">\n\t\t\t\t\t\t<div class=\"elementor-container elementor-column-gap-default\">\n\t\t\t\t\t<div class=\"elementor-column elementor-col-50 elementor-inner-column elementor-element elementor-element-9476574\" data-id=\"9476574\" data-element_type=\"column\">\n\t\t\t<div class=\"elementor-widget-wrap elementor-element-populated\">\n\t\t\t\t\t\t<div class=\"elementor-element elementor-element-4a3d965 elementor-widget elementor-widget-image\" data-id=\"4a3d965\" data-element_type=\"widget\" data-widget_type=\"image.default\">\n\t\t\t\t<div class=\"elementor-widget-container\">\n\t\t\t\t\t\t\t\t\t\t\t\t\t\t\t<img loading=\"lazy\" decoding=\"async\" width=\"640\" height=\"640\" src=\"https:\/\/dbcbebidacia.com.br\/site\/wp-content\/uploads\/2023\/11\/instagram-3-1-1024x1024.jpg\" class=\"attachment-large size-large wp-image-912\" alt=\"\" srcset=\"https:\/\/dbcbebidacia.com.br\/site\/wp-content\/uploads\/2023\/11\/instagram-3-1-1024x1024.jpg 1024w, https:\/\/dbcbebidacia.com.br\/site\/wp-content\/uploads\/2023\/11\/instagram-3-1-300x300.jpg 300w, https:\/\/dbcbebidacia.com.br\/site\/wp-content\/uploads\/2023\/11\/instagram-3-1-150x150.jpg 150w, https:\/\/dbcbebidacia.com.br\/site\/wp-content\/uploads\/2023\/11\/instagram-3-1-768x768.jpg 768w, https:\/\/dbcbebidacia.com.br\/site\/wp-content\/uploads\/2023\/11\/instagram-3-1.jpg 1080w\" sizes=\"(max-width: 640px) 100vw, 640px\" \/>\t\t\t\t\t\t\t\t\t\t\t\t\t\t\t<\/div>\n\t\t\t\t<\/div>\n\t\t\t\t\t<\/div>\n\t\t<\/div>\n\t\t\t\t<div class=\"elementor-column elementor-col-50 elementor-inner-column elementor-element elementor-element-479735a\" data-id=\"479735a\" data-element_type=\"column\">\n\t\t\t<div class=\"elementor-widget-wrap elementor-element-populated\">\n\t\t\t\t\t\t<div class=\"elementor-element elementor-element-6f0a957 elementor-widget elementor-widget-text-editor\" data-id=\"6f0a957\" data-element_type=\"widget\" data-widget_type=\"text-editor.default\">\n\t\t\t\t<div class=\"elementor-widget-container\">\n\t\t\t\t\t\t\t\t\t<p>Outro pilar do sucesso da DBC Bebidas \u00e9 seu compromisso com o atendimento ao cliente de excel\u00eancia. A equipe altamente treinada e dedicada est\u00e1 sempre pronta para atender \u00e0s necessidades dos clientes, ajudando a planejar o fornecimento de bebidas para eventos de todos os tamanhos.<\/p>\t\t\t\t\t\t\t\t<\/div>\n\t\t\t\t<\/div>\n\t\t\t\t\t<\/div>\n\t\t<\/div>\n\t\t\t\t\t<\/div>\n\t\t<\/section>\n\t\t\t\t<section class=\"elementor-section elementor-inner-section elementor-element elementor-element-8cbfe26 elementor-section-boxed elementor-section-height-default elementor-section-height-default\" data-id=\"8cbfe26\" data-element_type=\"section\">\n\t\t\t\t\t\t<div class=\"elementor-container elementor-column-gap-default\">\n\t\t\t\t\t<div class=\"elementor-column elementor-col-50 elementor-inner-column elementor-element elementor-element-913fd7a\" data-id=\"913fd7a\" data-element_type=\"column\">\n\t\t\t<div class=\"elementor-widget-wrap elementor-element-populated\">\n\t\t\t\t\t\t<div class=\"elementor-element elementor-element-526da6f elementor-widget elementor-widget-text-editor\" data-id=\"526da6f\" data-element_type=\"widget\" data-widget_type=\"text-editor.default\">\n\t\t\t\t<div class=\"elementor-widget-container\">\n\t\t\t\t\t\t\t\t\t<p>Compromisso com a Qualidade: A DBC Bebidas mant\u00e9m seu compromisso com a qualidade em primeiro plano. Todos os produtos s\u00e3o escolhidos com cuidado, e parcerias com produtores e fornecedores confi\u00e1veis garantem que apenas o melhor chegue aos clientes.<\/p>\t\t\t\t\t\t\t\t<\/div>\n\t\t\t\t<\/div>\n\t\t\t\t\t<\/div>\n\t\t<\/div>\n\t\t\t\t<div class=\"elementor-column elementor-col-50 elementor-inner-column elementor-element elementor-element-526c317\" data-id=\"526c317\" data-element_type=\"column\">\n\t\t\t<div class=\"elementor-widget-wrap elementor-element-populated\">\n\t\t\t\t\t\t<div class=\"elementor-element elementor-element-37b3959 elementor-widget elementor-widget-image\" data-id=\"37b3959\" data-element_type=\"widget\" data-widget_type=\"image.default\">\n\t\t\t\t<div class=\"elementor-widget-container\">\n\t\t\t\t\t\t\t\t\t\t\t\t\t\t\t<img loading=\"lazy\" decoding=\"async\" width=\"640\" height=\"640\" src=\"https:\/\/dbcbebidacia.com.br\/site\/wp-content\/uploads\/2023\/11\/instagram-6-1024x1024.jpg\" class=\"attachment-large size-large wp-image-882\" alt=\"\" srcset=\"https:\/\/dbcbebidacia.com.br\/site\/wp-content\/uploads\/2023\/11\/instagram-6-1024x1024.jpg 1024w, https:\/\/dbcbebidacia.com.br\/site\/wp-content\/uploads\/2023\/11\/instagram-6-300x300.jpg 300w, https:\/\/dbcbebidacia.com.br\/site\/wp-content\/uploads\/2023\/11\/instagram-6-150x150.jpg 150w, https:\/\/dbcbebidacia.com.br\/site\/wp-content\/uploads\/2023\/11\/instagram-6-768x768.jpg 768w, https:\/\/dbcbebidacia.com.br\/site\/wp-content\/uploads\/2023\/11\/instagram-6.jpg 1440w\" sizes=\"(max-width: 640px) 100vw, 640px\" \/>\t\t\t\t\t\t\t\t\t\t\t\t\t\t\t<\/div>\n\t\t\t\t<\/div>\n\t\t\t\t\t<\/div>\n\t\t<\/div>\n\t\t\t\t\t<\/div>\n\t\t<\/section>\n\t\t\t\t<div class=\"elementor-element elementor-element-1e0400d elementor-widget elementor-widget-heading\" data-id=\"1e0400d\" data-element_type=\"widget\" data-widget_type=\"heading.default\">\n\t\t\t\t<div class=\"elementor-widget-container\">\n\t\t\t\t\t<h1 class=\"elementor-heading-title elementor-size-default\">Atendimento ao Cliente de Excel\u00eancia<\/h1>\t\t\t\t<\/div>\n\t\t\t\t<\/div>\n\t\t\t\t<section class=\"elementor-section elementor-inner-section elementor-element elementor-element-dc7eaa9 elementor-section-boxed elementor-section-height-default elementor-section-height-default\" data-id=\"dc7eaa9\" data-element_type=\"section\">\n\t\t\t\t\t\t<div class=\"elementor-container elementor-column-gap-default\">\n\t\t\t\t\t<div class=\"elementor-column elementor-col-50 elementor-inner-column elementor-element elementor-element-a38b6af\" data-id=\"a38b6af\" data-element_type=\"column\">\n\t\t\t<div class=\"elementor-widget-wrap elementor-element-populated\">\n\t\t\t\t\t\t<div class=\"elementor-element elementor-element-cd524c6 elementor-widget elementor-widget-text-editor\" data-id=\"cd524c6\" data-element_type=\"widget\" data-widget_type=\"text-editor.default\">\n\t\t\t\t<div class=\"elementor-widget-container\">\n\t\t\t\t\t\t\t\t\t<p>Um pilar do sucesso da DBC Bebidas \u00e9 seu compromisso com o atendimento ao cliente de excel\u00eancia. A equipe altamente treinada e dedicada est\u00e1 sempre pronta para atender \u00e0s necessidades dos clientes, ajudando a planejar o fornecimento de bebidas para eventos de todos os tamanhos.<\/p>\t\t\t\t\t\t\t\t<\/div>\n\t\t\t\t<\/div>\n\t\t\t\t\t<\/div>\n\t\t<\/div>\n\t\t\t\t<div class=\"elementor-column elementor-col-50 elementor-inner-column elementor-element elementor-element-252c718\" data-id=\"252c718\" data-element_type=\"column\">\n\t\t\t<div class=\"elementor-widget-wrap elementor-element-populated\">\n\t\t\t\t\t\t<div class=\"elementor-element elementor-element-b01264f elementor-widget elementor-widget-image\" data-id=\"b01264f\" data-element_type=\"widget\" data-widget_type=\"image.default\">\n\t\t\t\t<div class=\"elementor-widget-container\">\n\t\t\t\t\t\t\t\t\t\t\t\t\t\t\t<img decoding=\"async\" width=\"640\" height=\"640\" src=\"https:\/\/dbcbebidacia.com.br\/site\/wp-content\/uploads\/2023\/11\/instagram-7-1024x1024.jpg\" class=\"attachment-large size-large wp-image-883\" alt=\"\" srcset=\"https:\/\/dbcbebidacia.com.br\/site\/wp-content\/uploads\/2023\/11\/instagram-7-1024x1024.jpg 1024w, https:\/\/dbcbebidacia.com.br\/site\/wp-content\/uploads\/2023\/11\/instagram-7-300x300.jpg 300w, https:\/\/dbcbebidacia.com.br\/site\/wp-content\/uploads\/2023\/11\/instagram-7-150x150.jpg 150w, https:\/\/dbcbebidacia.com.br\/site\/wp-content\/uploads\/2023\/11\/instagram-7-768x768.jpg 768w, https:\/\/dbcbebidacia.com.br\/site\/wp-content\/uploads\/2023\/11\/instagram-7.jpg 1080w\" sizes=\"(max-width: 640px) 100vw, 640px\" \/>\t\t\t\t\t\t\t\t\t\t\t\t\t\t\t<\/div>\n\t\t\t\t<\/div>\n\t\t\t\t\t<\/div>\n\t\t<\/div>\n\t\t\t\t\t<\/div>\n\t\t<\/section>\n\t\t\t\t\t<\/div>\n\t\t<\/div>\n\t\t\t\t\t<\/div>\n\t\t<\/section>\n\t\t\t\t<section class=\"elementor-section elementor-top-section elementor-element elementor-element-f6fc463 elementor-section-content-middle elementor-section-boxed elementor-section-height-default elementor-section-height-default\" data-id=\"f6fc463\" data-element_type=\"section\">\n\t\t\t\t\t\t<div class=\"elementor-container elementor-column-gap-default\">\n\t\t\t\t\t<div class=\"elementor-column elementor-col-100 elementor-top-column elementor-element elementor-element-2e6a403\" data-id=\"2e6a403\" data-element_type=\"column\">\n\t\t\t<div class=\"elementor-widget-wrap elementor-element-populated\">\n\t\t\t\t\t\t<div class=\"elementor-element elementor-element-590e01f elementor-widget elementor-widget-heading\" data-id=\"590e01f\" data-element_type=\"widget\" data-widget_type=\"heading.default\">\n\t\t\t\t<div class=\"elementor-widget-container\">\n\t\t\t\t\t<h2 class=\"elementor-heading-title elementor-size-default\">CLIENTES<\/h2>\t\t\t\t<\/div>\n\t\t\t\t<\/div>\n\t\t\t\t\t<\/div>\n\t\t<\/div>\n\t\t\t\t\t<\/div>\n\t\t<\/section>\n\t\t\t\t<section class=\"elementor-section elementor-top-section elementor-element elementor-element-f790d39 elementor-section-boxed elementor-section-height-default elementor-section-height-default\" data-id=\"f790d39\" data-element_type=\"section\">\n\t\t\t\t\t\t<div class=\"elementor-container elementor-column-gap-default\">\n\t\t\t\t\t<div class=\"elementor-column elementor-col-50 elementor-top-column elementor-element elementor-element-b6a44fb\" data-id=\"b6a44fb\" data-element_type=\"column\">\n\t\t\t<div class=\"elementor-widget-wrap elementor-element-populated\">\n\t\t\t\t\t\t<div class=\"elementor-element elementor-element-43a0f16 elementor-widget elementor-widget-image\" data-id=\"43a0f16\" data-element_type=\"widget\" data-widget_type=\"image.default\">\n\t\t\t\t<div class=\"elementor-widget-container\">\n\t\t\t\t\t\t\t\t\t\t\t\t\t\t\t\t<a href=\"https:\/\/dbcbebidacia.com.br\/site\/wp-content\/uploads\/2021\/11\/Emporio-do-nono.png\" data-elementor-open-lightbox=\"yes\" data-elementor-lightbox-title=\"Emporio do nono\" data-e-action-hash=\"#elementor-action%3Aaction%3Dlightbox%26settings%3DeyJpZCI6ODI5LCJ1cmwiOiJodHRwczpcL1wvZGJjYmViaWRhY2lhLmNvbS5iclwvc2l0ZVwvd3AtY29udGVudFwvdXBsb2Fkc1wvMjAyMVwvMTFcL0VtcG9yaW8tZG8tbm9uby5wbmcifQ%3D%3D\">\n\t\t\t\t\t\t\t<img loading=\"lazy\" decoding=\"async\" width=\"640\" height=\"426\" src=\"https:\/\/dbcbebidacia.com.br\/site\/wp-content\/uploads\/2021\/11\/Emporio-do-nono-1024x682.png\" class=\"attachment-large size-large wp-image-829\" alt=\"\" srcset=\"https:\/\/dbcbebidacia.com.br\/site\/wp-content\/uploads\/2021\/11\/Emporio-do-nono-1024x682.png 1024w, https:\/\/dbcbebidacia.com.br\/site\/wp-content\/uploads\/2021\/11\/Emporio-do-nono-300x200.png 300w, https:\/\/dbcbebidacia.com.br\/site\/wp-content\/uploads\/2021\/11\/Emporio-do-nono-768x512.png 768w, https:\/\/dbcbebidacia.com.br\/site\/wp-content\/uploads\/2021\/11\/Emporio-do-nono-1536x1024.png 1536w, https:\/\/dbcbebidacia.com.br\/site\/wp-content\/uploads\/2021\/11\/Emporio-do-nono.png 1772w\" sizes=\"(max-width: 640px) 100vw, 640px\" \/>\t\t\t\t\t\t\t\t<\/a>\n\t\t\t\t\t\t\t\t\t\t\t\t\t\t\t<\/div>\n\t\t\t\t<\/div>\n\t\t\t\t<div class=\"elementor-element elementor-element-e7eabd3 elementor-widget elementor-widget-image\" data-id=\"e7eabd3\" data-element_type=\"widget\" data-widget_type=\"image.default\">\n\t\t\t\t<div class=\"elementor-widget-container\">\n\t\t\t\t\t\t\t\t\t\t\t\t\t\t\t\t<a href=\"https:\/\/dbcbebidacia.com.br\/site\/wp-content\/uploads\/2021\/11\/nonna-angellina.png\" data-elementor-open-lightbox=\"yes\" data-elementor-lightbox-title=\"nonna angellina\" data-e-action-hash=\"#elementor-action%3Aaction%3Dlightbox%26settings%3DeyJpZCI6ODMwLCJ1cmwiOiJodHRwczpcL1wvZGJjYmViaWRhY2lhLmNvbS5iclwvc2l0ZVwvd3AtY29udGVudFwvdXBsb2Fkc1wvMjAyMVwvMTFcL25vbm5hLWFuZ2VsbGluYS5wbmcifQ%3D%3D\">\n\t\t\t\t\t\t\t<img loading=\"lazy\" decoding=\"async\" width=\"640\" height=\"426\" src=\"https:\/\/dbcbebidacia.com.br\/site\/wp-content\/uploads\/2021\/11\/nonna-angellina-1024x682.png\" class=\"attachment-large size-large wp-image-830\" alt=\"\" srcset=\"https:\/\/dbcbebidacia.com.br\/site\/wp-content\/uploads\/2021\/11\/nonna-angellina-1024x682.png 1024w, https:\/\/dbcbebidacia.com.br\/site\/wp-content\/uploads\/2021\/11\/nonna-angellina-300x200.png 300w, https:\/\/dbcbebidacia.com.br\/site\/wp-content\/uploads\/2021\/11\/nonna-angellina-768x512.png 768w, https:\/\/dbcbebidacia.com.br\/site\/wp-content\/uploads\/2021\/11\/nonna-angellina-1536x1024.png 1536w, https:\/\/dbcbebidacia.com.br\/site\/wp-content\/uploads\/2021\/11\/nonna-angellina.png 1772w\" sizes=\"(max-width: 640px) 100vw, 640px\" \/>\t\t\t\t\t\t\t\t<\/a>\n\t\t\t\t\t\t\t\t\t\t\t\t\t\t\t<\/div>\n\t\t\t\t<\/div>\n\t\t\t\t\t<\/div>\n\t\t<\/div>\n\t\t\t\t<div class=\"elementor-column elementor-col-50 elementor-top-column elementor-element elementor-element-4f9b8c8\" data-id=\"4f9b8c8\" data-element_type=\"column\">\n\t\t\t<div class=\"elementor-widget-wrap elementor-element-populated\">\n\t\t\t\t\t\t<div class=\"elementor-element elementor-element-405d0f4 elementor-widget elementor-widget-image\" data-id=\"405d0f4\" data-element_type=\"widget\" data-widget_type=\"image.default\">\n\t\t\t\t<div class=\"elementor-widget-container\">\n\t\t\t\t\t\t\t\t\t\t\t\t\t\t\t\t<a href=\"https:\/\/dbcbebidacia.com.br\/site\/wp-content\/uploads\/2023\/11\/20231107_173530-scaled-e1699445193839.jpg\" data-elementor-open-lightbox=\"yes\" data-elementor-lightbox-title=\"20231107_173530\" data-e-action-hash=\"#elementor-action%3Aaction%3Dlightbox%26settings%3DeyJpZCI6ODYyLCJ1cmwiOiJodHRwczpcL1wvZGJjYmViaWRhY2lhLmNvbS5iclwvc2l0ZVwvd3AtY29udGVudFwvdXBsb2Fkc1wvMjAyM1wvMTFcLzIwMjMxMTA3XzE3MzUzMC1zY2FsZWQtZTE2OTk0NDUxOTM4MzkuanBnIn0%3D\">\n\t\t\t\t\t\t\t<img loading=\"lazy\" decoding=\"async\" width=\"624\" height=\"1024\" src=\"https:\/\/dbcbebidacia.com.br\/site\/wp-content\/uploads\/2023\/11\/20231107_173530-scaled-e1699445193839-624x1024.jpg\" class=\"attachment-large size-large wp-image-862\" alt=\"\" srcset=\"https:\/\/dbcbebidacia.com.br\/site\/wp-content\/uploads\/2023\/11\/20231107_173530-scaled-e1699445193839-624x1024.jpg 624w, https:\/\/dbcbebidacia.com.br\/site\/wp-content\/uploads\/2023\/11\/20231107_173530-scaled-e1699445193839-183x300.jpg 183w, https:\/\/dbcbebidacia.com.br\/site\/wp-content\/uploads\/2023\/11\/20231107_173530-scaled-e1699445193839-768x1260.jpg 768w, https:\/\/dbcbebidacia.com.br\/site\/wp-content\/uploads\/2023\/11\/20231107_173530-scaled-e1699445193839.jpg 878w\" sizes=\"(max-width: 624px) 100vw, 624px\" \/>\t\t\t\t\t\t\t\t<\/a>\n\t\t\t\t\t\t\t\t\t\t\t\t\t\t\t<\/div>\n\t\t\t\t<\/div>\n\t\t\t\t\t<\/div>\n\t\t<\/div>\n\t\t\t\t\t<\/div>\n\t\t<\/section>\n\t\t\t\t<section class=\"elementor-section elementor-top-section elementor-element elementor-element-073e14b elementor-section-boxed elementor-section-height-default elementor-section-height-default\" data-id=\"073e14b\" data-element_type=\"section\">\n\t\t\t\t\t\t<div class=\"elementor-container elementor-column-gap-default\">\n\t\t\t\t\t<div class=\"elementor-column elementor-col-100 elementor-top-column elementor-element elementor-element-16f61b3\" data-id=\"16f61b3\" data-element_type=\"column\">\n\t\t\t<div class=\"elementor-widget-wrap\">\n\t\t\t\t\t\t\t<\/div>\n\t\t<\/div>\n\t\t\t\t\t<\/div>\n\t\t<\/section>\n\t\t\t\t<\/div>\n\t\t","protected":false},"excerpt":{"rendered":"<p>H\u00e1 mais de duas d\u00e9cadas, uma empresa se destaca no mercado de bebidas, fornecendo o melhor chopp e uma variedade de op\u00e7\u00f5es<\/p>\n<p class=\"link-more\"><a class=\"myButt \" href=\"https:\/\/dbcbebidacia.com.br\/site\/index.php\/my-front-page\/\">Leia mais<\/a><\/p>\n","protected":false},"author":1,"featured_media":0,"parent":0,"menu_order":0,"comment_status":"closed","ping_status":"closed","template":"","meta":{"footnotes":""},"class_list":["post-5","page","type-page","status-publish","hentry"],"_links":{"self":[{"href":"https:\/\/dbcbebidacia.com.br\/site\/index.php\/wp-json\/wp\/v2\/pages\/5","targetHints":{"allow":["GET"]}}],"collection":[{"href":"https:\/\/dbcbebidacia.com.br\/site\/index.php\/wp-json\/wp\/v2\/pages"}],"about":[{"href":"https:\/\/dbcbebidacia.com.br\/site\/index.php\/wp-json\/wp\/v2\/types\/page"}],"author":[{"embeddable":true,"href":"https:\/\/dbcbebidacia.com.br\/site\/index.php\/wp-json\/wp\/v2\/users\/1"}],"replies":[{"embeddable":true,"href":"https:\/\/dbcbebidacia.com.br\/site\/index.php\/wp-json\/wp\/v2\/comments?post=5"}],"version-history":[{"count":25,"href":"https:\/\/dbcbebidacia.com.br\/site\/index.php\/wp-json\/wp\/v2\/pages\/5\/revisions"}],"predecessor-version":[{"id":982,"href":"https:\/\/dbcbebidacia.com.br\/site\/index.php\/wp-json\/wp\/v2\/pages\/5\/revisions\/982"}],"wp:attachment":[{"href":"https:\/\/dbcbebidacia.com.br\/site\/index.php\/wp-json\/wp\/v2\/media?parent=5"}],"curies":[{"name":"wp","href":"https:\/\/api.w.org\/{rel}","templated":true}]}}